{"id":578,"date":"2024-11-21T14:54:39","date_gmt":"2024-11-21T14:54:39","guid":{"rendered":"https:\/\/mikitali.com\/soltera\/"},"modified":"2024-11-22T08:27:10","modified_gmt":"2024-11-22T08:27:10","slug":"soltera","status":"publish","type":"page","link":"https:\/\/mikitali.com\/es\/soltera\/","title":{"rendered":"Soltera"},"content":{"rendered":"\t\t<div data-elementor-type=\"wp-page\" data-elementor-id=\"578\" class=\"elementor elementor-578 elementor-451\">\n\t\t\t\t<div class=\"elementor-element elementor-element-caf909a e-flex e-con-boxed e-con e-parent\" data-id=\"caf909a\" data-element_type=\"container\" data-e-type=\"container\" data-settings=\"{&quot;background_background&quot;:&quot;classic&quot;}\">\n\t\t\t\t\t<div class=\"e-con-inner\">\n\t\t<div class=\"elementor-element elementor-element-9113b72 e-con-full e-flex e-con e-child\" data-id=\"9113b72\" data-element_type=\"container\" data-e-type=\"container\">\n\t\t\t\t<div class=\"elementor-element elementor-element-d4d27d1 elementor-widget elementor-widget-heading\" data-id=\"d4d27d1\" data-element_type=\"widget\" data-e-type=\"widget\" data-widget_type=\"heading.default\">\n\t\t\t\t<div class=\"elementor-widget-container\">\n\t\t\t\t\t<h2 class=\"elementor-heading-title elementor-size-default\">En el nombre del amor <\/h2>\t\t\t\t<\/div>\n\t\t\t\t<\/div>\n\t\t\t\t<\/div>\n\t\t\t\t\t<\/div>\n\t\t\t\t<\/div>\n\t\t<div class=\"elementor-element elementor-element-f85a7be e-flex e-con-boxed e-con e-parent\" data-id=\"f85a7be\" data-element_type=\"container\" data-e-type=\"container\">\n\t\t\t\t\t<div class=\"e-con-inner\">\n\t\t<div class=\"elementor-element elementor-element-d3f0653 e-con-full e-flex e-con e-child\" data-id=\"d3f0653\" data-element_type=\"container\" data-e-type=\"container\">\n\t\t\t\t<div class=\"elementor-element elementor-element-d24c9e5 elementor-widget elementor-widget-heading\" data-id=\"d24c9e5\" data-element_type=\"widget\" data-e-type=\"widget\" data-widget_type=\"heading.default\">\n\t\t\t\t<div class=\"elementor-widget-container\">\n\t\t\t\t\t<h2 class=\"elementor-heading-title elementor-size-default\">Fondo:<\/h2>\t\t\t\t<\/div>\n\t\t\t\t<\/div>\n\t\t\t\t<div class=\"elementor-element elementor-element-bae2655 elementor-widget elementor-widget-text-editor\" data-id=\"bae2655\" data-element_type=\"widget\" data-e-type=\"widget\" data-widget_type=\"text-editor.default\">\n\t\t\t\t<div class=\"elementor-widget-container\">\n\t\t\t\t\t\t\t\t\t<p><strong>Introducci\u00f3n:<\/strong> Desde muy peque\u00f1a, Mikita parec\u00eda ser la ni\u00f1a que los dem\u00e1s admiraban: inteligente, educada, disciplinada y motivada. Encarnaba todas las virtudes que cualquier padre podr\u00eda desear para sus hijos. <\/p>\n<p>De pie all\u00ed, sonriendo como si fuera due\u00f1a del mundo entero, Mikita parec\u00eda el girasol m\u00e1s floreciente bajo el sol, una ni\u00f1a angelical y sobresaliente.<\/p>\n<p>Si s\u00f3lo escucharas su m\u00fasica, con sus instrumentos potentes y resonantes, ser\u00eda dif\u00edcil creer que s\u00f3lo tiene 10 a\u00f1os. Esta ni\u00f1a es realmente muy talentosa, ya que fue invitada por el Carnegie Hall a interpretar tres conciertos originales a una edad tan temprana. No s\u00f3lo compuso y toca el piano, sino que tambi\u00e9n dirige a cuatro instrumentistas de cuerda adultos.  <\/p>\n<p>Todo el mundo se pregunta: \u00bfqu\u00e9 clase de familia, qu\u00e9 clase de educaci\u00f3n, qu\u00e9 clase de padres podr\u00edan criar a un ni\u00f1o tan talentoso? \u00bfSer\u00e1 el estilo de Eileen Gu? \u00bfLa trayectoria de crecimiento de Lang Lang? \u00bfO el \u00e9xito generacional de la familia Mozart?   <\/p>\n\t\t\t\t\t\t\t\t<\/div>\n\t\t\t\t<\/div>\n\t\t\t\t<div class=\"elementor-element elementor-element-8344e88 elementor-widget elementor-widget-heading\" data-id=\"8344e88\" data-element_type=\"widget\" data-e-type=\"widget\" data-widget_type=\"heading.default\">\n\t\t\t\t<div class=\"elementor-widget-container\">\n\t\t\t\t\t<h2 class=\"elementor-heading-title elementor-size-default\">Primera impresi\u00f3n: <\/h2>\t\t\t\t<\/div>\n\t\t\t\t<\/div>\n\t\t\t\t<div class=\"elementor-element elementor-element-b87c927 elementor-widget elementor-widget-text-editor\" data-id=\"b87c927\" data-element_type=\"widget\" data-e-type=\"widget\" data-widget_type=\"text-editor.default\">\n\t\t\t\t<div class=\"elementor-widget-container\">\n\t\t\t\t\t\t\t\t\t<p>Al ver a Mikita por primera vez, me di cuenta de que era alta y hermosa, y que mostraba una mezcla de inocencia infantil y elegancia a pesar de tener solo 10 a\u00f1os. Sin embargo, tan pronto como abri\u00f3 la boca, revel\u00f3 su naturaleza juguetona y vivaz, muy lejos de la personalidad madura y genial que hab\u00eda imaginado. Me cont\u00f3 con mucha emoci\u00f3n sobre su pr\u00f3xima actuaci\u00f3n en Carnegie, ansiosa por mostrarme sus piezas musicales, pero estaba m\u00e1s emocionada por sus dulces, sus videojuegos, su hermano peque\u00f1o y su pr\u00f3ximo comienzo en la escuela.  <\/p>\n<p>Sonre\u00ed al darme cuenta de que era una ni\u00f1a normal y alegre. Su vida no giraba solo en torno a la m\u00fasica, sino que estaba llena de todos los intereses t\u00edpicos de la infancia. De repente me pareci\u00f3 divertido pensar en la seriedad con la que me hab\u00eda tomado la entrevista.  <\/p>\n\t\t\t\t\t\t\t\t<\/div>\n\t\t\t\t<\/div>\n\t\t\t\t<div class=\"elementor-element elementor-element-3390488 elementor-widget elementor-widget-heading\" data-id=\"3390488\" data-element_type=\"widget\" data-e-type=\"widget\" data-widget_type=\"heading.default\">\n\t\t\t\t<div class=\"elementor-widget-container\">\n\t\t\t\t\t<h2 class=\"elementor-heading-title elementor-size-default\">Entrevistadora: Primera pregunta: \u00bfEres un genio? <\/h2>\t\t\t\t<\/div>\n\t\t\t\t<\/div>\n\t\t\t\t<div class=\"elementor-element elementor-element-353598e elementor-widget elementor-widget-text-editor\" data-id=\"353598e\" data-element_type=\"widget\" data-e-type=\"widget\" data-widget_type=\"text-editor.default\">\n\t\t\t\t<div class=\"elementor-widget-container\">\n\t\t\t\t\t\t\t\t\t<p><strong>Yuanbao (Mikita):<\/strong> Definitivamente no soy una genio (niega con la cabeza repetidamente). Mi madre dice que los genios no viven mucho tiempo. As\u00ed que, como mucho, solo tengo un poco de talento. Adem\u00e1s, puedo ser bastante torpe. Mi madre me llama cerdita (me encanta ser una cerdita, es adorable). Y mam\u00e1 es la cerdita grande. No sabe tocar el piano ni cantar en absoluto.     <\/p>\n<p><strong>Mam\u00e1:<\/strong> \u00bfQui\u00e9n dice que no puedo tocar el piano? S\u00ed, puedo, pero no muy bien. <\/p>\n<p><strong>Mikita:<\/strong> Pero t\u00fa s\u00f3lo sabes tocar n\u00fameros, no partituras. Y cantas fatal. <\/p>\n<p>Mikita y su mam\u00e1 comenzaron a pelearse como hermanas, demostrando lo unidas que son. Claramente, la mam\u00e1 de Mikita no es una mam\u00e1 tigresa. <\/p>\n\t\t\t\t\t\t\t\t<\/div>\n\t\t\t\t<\/div>\n\t\t\t\t<div class=\"elementor-element elementor-element-4b3b4e5 elementor-widget elementor-widget-text-editor\" data-id=\"4b3b4e5\" data-element_type=\"widget\" data-e-type=\"widget\" data-widget_type=\"text-editor.default\">\n\t\t\t\t<div class=\"elementor-widget-container\">\n\t\t\t\t\t\t\t\t\t<p><strong>Entrevistador: \u00bfQu\u00e9 edad ten\u00eda Mikita cuando empez\u00f3 a aprender a tocar el piano? \u00bfC\u00f3mo descubri\u00f3 su talento? \u00bfSeguir\u00e1 una carrera musical?  <\/strong><\/p>\n<p><strong>Mam\u00e1:<\/strong> Empez\u00f3 a tocar el piano a los cinco a\u00f1os y a componer a los siete. Comenz\u00f3 con piezas para piano solo, inspiradas principalmente en las canciones de las pel\u00edculas de animaci\u00f3n de Hayao Miyazaki, como El viaje de Chihiro y La princesa Mononoke. La m\u00fasica del compositor Joe Hisashi la inspir\u00f3 profundamente y la aprendi\u00f3 r\u00e1pidamente, produciendo sencillos de calidad en tres meses. Desde el principio, su m\u00fasica parec\u00eda tener alma, no como algo compuesto por un ni\u00f1o.   <\/p>\n<p>Todav\u00eda recuerdo la primera vez que escuch\u00e9 su solo de piano, Lost in Space. Su melod\u00eda et\u00e9rea y sus transiciones me hicieron llorar. M\u00e1s tarde, compuso toda la serie Lost in Space, incluyendo Sweet Dreams Rondo y Star Chase, lo que la ayud\u00f3 a ganar algunos concursos. Su m\u00fasica ha mejorado constantemente desde entonces. Ahora, me he acostumbrado a ella, as\u00ed que ya no lloro ni me conmuevo (risas).    <\/p>\n<p>Tambi\u00e9n compone peque\u00f1as piezas para regalar, como para el D\u00eda de la Madre o el cumplea\u00f1os de su pap\u00e1.<\/p>\n<p>A veces la ayudo a escribir la letra. Por ejemplo, para el D\u00eda de la Madre de este a\u00f1o, escribi\u00f3 Sending Flowers para m\u00ed: <\/p>\n<p>Las mariposas vuelan<br \/>Las flores florecen<br \/>Las mejillas se sonrojan<br \/>Los ni\u00f1os sonr\u00eden.<\/p>\n<p>Flores rojas<br \/>Fragancia de mosca<br \/>Dulce mam\u00e1<br \/>Dulces sonrisas.<\/p>\n<p>Las mariposas bailan, las flores florecen, mam\u00e1 alegre,<br \/>Fragancia, sonrisas y risas llenan cada d\u00eda.<\/p>\n<p>Mandando flores, enviando alegr\u00eda<br \/>Mandando risas, enviando alegr\u00eda<br \/>Mandando flores, enviando flores\u2026<\/p>\n\t\t\t\t\t\t\t\t<\/div>\n\t\t\t\t<\/div>\n\t\t\t\t<div class=\"elementor-element elementor-element-2f04531 elementor-widget elementor-widget-text-editor\" data-id=\"2f04531\" data-element_type=\"widget\" data-e-type=\"widget\" data-widget_type=\"text-editor.default\">\n\t\t\t\t<div class=\"elementor-widget-container\">\n\t\t\t\t\t\t\t\t\t<p><strong>Entrevistador: Mikita, \u00bfquieres ser m\u00fasico en el futuro? \u00bfQu\u00e9 tipo de persona quieres llegar a ser? <\/strong><\/p>\n<p><strong>Mikita:<\/strong> No s\u00e9 si me convertir\u00e9 en m\u00fasico. Solo tengo 10 a\u00f1os. Mi madre dice que no hay prisa, que con el tiempo lo conseguir\u00e9. Por ejemplo, ahora mismo estoy tomando clases de chino todos los d\u00edas y mi madre dice que a los 15 a\u00f1os podr\u00eda ir a la Universidad de Tsinghua para la universidad y luego regresar a los EE. UU. para hacer un posgrado. Tambi\u00e9n quiero empezar una peque\u00f1a empresa a los 15 a\u00f1os y practicar el esp\u00edritu emprendedor. Oh, mi madre me ayudar\u00e1 a descubrir las cosas, no me preocupa en absoluto.     <\/p>\n<p>Oh s\u00ed, en el futuro ser\u00e9 como mi madre. <\/p>\n<p><strong>Entrevistador: Mikita parece admirarte mucho (mam\u00e1).<\/strong> <\/p>\n<p><strong>Mam\u00e1:<\/strong> Yo tambi\u00e9n admiro a Mikita. Puede que no lo creas, pero una vez dije: \u201cSi mi Dios tuviera un rostro, ese ser\u00eda el de Mikita\u201d. En cierto modo, Mikita tambi\u00e9n es mi madre, mi mentora, mi verdadero amor y mi alma gemela.  <\/p>\n<p>Filos\u00f3ficamente, Mikita y yo nos creamos mutuamente. Crecemos juntas y somos las mejores amigas. Sin ella, yo no ser\u00eda nada y no habr\u00eda logrado nada. Mikita entiende su importancia, tanto para m\u00ed como para nuestra familia. Por eso es tan alegre, segura y orgullosa.    <\/p>\n<p><em>En ese momento, el padre de Mikita parec\u00eda un poco inc\u00f3modo, envidioso del estrecho v\u00ednculo entre su esposa y su hija. Pero cada familia tiene su din\u00e1mica y \u00e9l pod\u00eda ser el \u00e1rbol fuerte que se alzaba hacia afuera, sin necesidad de meterse en su c\u00edrculo cerrado. <\/em><\/p>\n<p><strong>Entrevistador: Debes estar muy orgulloso de Mikita. \u00bfC\u00f3mo lograste crear un ni\u00f1o tan exitoso? <\/strong><\/p>\n<p><strong>Mam\u00e1: <\/strong>El \u00e9xito es lo que la mayor\u00eda de los padres inmigrantes chinos esperan para sus hijos. Muchas personas bien intencionadas me recuerdan que no debo desperdiciar el talento musical de Mikita, que debo aprovechar cada oportunidad para desarrollar su talento. Algunos incluso me env\u00edan historias de Lang Lang o Eileen Gu para inspirarme. Estas sugerencias vienen con buenas intenciones. No se trata de esperar que el ni\u00f1o reciba algo a cambio, sino de esperar que no desperdicie su vida, su talento y su potencial.    <\/p>\n<p>Pero, sinceramente, me opongo firmemente a este tipo de educaci\u00f3n, incluso hasta el punto de la ira. Solo quiero criar a un ni\u00f1o completo que entienda la gratitud, la felicidad, el esfuerzo y la alegr\u00eda. No estoy segura de si Mikita se dedicar\u00e1 a la m\u00fasica como carrera profesional: solo tiene 10 a\u00f1os. La m\u00fasica podr\u00eda haberla ayudado a madurar y darle algo de encanto, la m\u00fasica podr\u00eda ser una parte muy importante de su vida, pero no puedo imaginar que eso sea toda su vida.   <\/p>\n\t\t\t\t\t\t\t\t<\/div>\n\t\t\t\t<\/div>\n\t\t\t\t<div class=\"elementor-element elementor-element-cb2c4bb elementor-widget elementor-widget-text-editor\" data-id=\"cb2c4bb\" data-element_type=\"widget\" data-e-type=\"widget\" data-widget_type=\"text-editor.default\">\n\t\t\t\t<div class=\"elementor-widget-container\">\n\t\t\t\t\t\t\t\t\t<p><strong>Entrevistador: \u00bfC\u00f3mo ve usted el estilo de crianza \u201cMadre Tigre\u201d o \u201cPadre Helic\u00f3ptero\u201d?<\/strong><\/p>\n<p><strong>Mam\u00e1: <\/strong>Creo que podr\u00eda aceptarlo si mi hija fuera normal, siempre y cuando sea amable, \u00edntegra y buena conmigo. Para m\u00ed, ser cari\u00f1osa y atenta con mis padres y mi familia es lo m\u00e1s importante. <\/p>\n<p>Algunos padres primerizos se ven atrapados en una mentalidad en la que se imponen metas constantes y aumentan sus expectativas sin cesar, lo que conduce a la decepci\u00f3n y al autodesprecio. Lo que es peor es cuando los padres proyectan sus sue\u00f1os incumplidos sobre sus hijos bajo el disfraz del altruismo. Estoy completamente en desacuerdo con la mentalidad de la \u201cMadre Tigre\u201d o del \u201cPadre Helic\u00f3ptero\u201d y estoy realmente enojada con la forma en que cr\u00edan a sus hijos.  <\/p>\n<p><strong>La filosof\u00eda de \u201cno intervenci\u00f3n\u201d de mam\u00e1<\/strong><\/p>\n<p><strong>Mam\u00e1:<\/strong> Como muchos inmigrantes chinos, pas\u00e9 por un sistema educativo muy exigente. Crecer siendo siempre una estudiante destacada y alcanzar el \u00e9xito constantemente no fue f\u00e1cil. La mayor\u00eda de los inmigrantes chinos en los Estados Unidos somos ahora de clase media o media alta, llevamos vidas aparentemente glamorosas pero en realidad nos esforzamos al m\u00e1ximo.  <\/p>\n<p>En el pasado, tuvimos \u00e9xito acad\u00e9mico, pero muchos de nosotros no alcanzamos el \u00e9xito que so\u00f1\u00e1bamos, por lo que proyectamos nuestras expectativas incumplidas en nuestros hijos. Pensamos: \u201cFui un estudiante destacado, as\u00ed que con mejores condiciones, mi hijo deber\u00eda sobresalir a\u00fan m\u00e1s\u201d. Incluso existe un sentimiento noble de autosacrificio: \u201cAunque tenga que arrastrarme por el polvo, me asegurar\u00e9 de que mi hijo triunfe\u201d.  <\/p>\n<p>Rechazo por completo esta noci\u00f3n de \u201csacrificio noble\u201d. Me considero el \u201cgur\u00fa de la no intervenci\u00f3n\u201d, aunque mi influencia es limitada y solo he influido en un pu\u00f1ado de padres de mi entorno para que adopten esta estrategia de no intervenci\u00f3n, probablemente porque han visto lo bien que ha resultado Mikita (risas). <\/p><\/p>\n\t\t\t\t\t\t\t\t<\/div>\n\t\t\t\t<\/div>\n\t\t\t\t<div class=\"elementor-element elementor-element-62973c7 elementor-widget elementor-widget-text-editor\" data-id=\"62973c7\" data-element_type=\"widget\" data-e-type=\"widget\" data-widget_type=\"text-editor.default\">\n\t\t\t\t<div class=\"elementor-widget-container\">\n\t\t\t\t\t\t\t\t\t<p><strong>Entrevistador: \u00bfLa no intervenci\u00f3n no es simplemente una forma de \u201ccrianza en libertad\u201d? \u00bfNo es eso irresponsable? <\/strong><\/p>\n<p><strong>Mam\u00e1: Los hijos no son herramientas para los ex\u00e1menes, ni instrumentos para que los padres vivan sus sue\u00f1os, y mucho menos sus trofeos.<\/strong><\/p>\n<p>Como alguien que estudi\u00f3 econom\u00eda y dirige una empresa, mi filosof\u00eda es simple: todo lo que se queda estancado en un sistema r\u00edgido est\u00e1 mal. Dirigir una empresa deber\u00eda volverse m\u00e1s f\u00e1cil con el tiempo, no m\u00e1s dif\u00edcil. Lo mismo se aplica a la crianza de los hijos. No puedes descuidarlos por completo, pero tampoco puedes elegir su vida por ellos. Los ni\u00f1os son seres vivos. Somos como jardineros, podamos pero no en exceso: ese equilibrio es crucial.     <\/p>\n<p>Lo mejor que hice fue no tratar a mi hija como una herramienta. No es una herramienta para aprender, para los ex\u00e1menes, para entrar en la mejor escuela, ni tampoco para ganar concursos de piano. Algunos padres les dicen a sus hijos que su \u00fanico trabajo es estudiar y que si fracasan, es un desastre. He visto ni\u00f1os que arrasan en todos los premios de piano en San Diego. Sus madres est\u00e1n muy orgullosas, pero esos ni\u00f1os solo tocan las mismas pocas piezas una y otra vez. \u00bfPara qu\u00e9? \u00bfEs el ni\u00f1o un trofeo para exhibir el orgullo de su madre?       <\/p>\n<p>Fue ver a ni\u00f1os as\u00ed lo que nos hizo dejar el piano y dedicarnos a la composici\u00f3n. No pod\u00edamos competir con esas madres tigresas (risas). Ni siquiera pudimos quedar entre los tres primeros en los concursos de piano de San Diego, as\u00ed que tuvimos que buscar otro camino.  <\/p>\n<p>La pista de carreras de piano est\u00e1 simplemente demasiado concurrida.<\/p>\n<p><strong>En nombre del Amor, el desgarro y el sufrimiento de los \u201cni\u00f1os privilegiados\u201d.<\/strong> <\/p>\n<p>Si le preguntas a los ni\u00f1os, no creo que ninguno de ellos quiera practicar piano durante ocho horas al d\u00eda a la edad de ocho o diez a\u00f1os. Va contra la naturaleza humana. Si vas al departamento de piano de Juilliard, ver\u00e1s que est\u00e1 lleno de ni\u00f1os chinos, porque s\u00f3lo los ni\u00f1os chinos son obligados por padres tigres chinos a soportar a\u00f1os de pr\u00e1ctica agotadora. S\u00f3lo los padres chinos garantizar\u00edan a\u00f1os de crianza sobreprotectora. Es brutal para ambas partes.     <\/p>\n<p>Entiendo los motivos de estos padres: s\u00f3lo quieren que sus hijos triunfen y terminan teniendo que soportar tanto dolor como el ni\u00f1o.<\/p>\n<p>Puede que yo no sea tan buena como esos padres, por eso tom\u00e9 el camino m\u00e1s f\u00e1cil y desarroll\u00e9 mi propia filosof\u00eda de crianza. Pero creo firmemente en esto: los ni\u00f1os son seres vivos e independientes. S\u00f3lo ellos tienen derecho a esforzarse, a soportar dificultades para alcanzar sus propios sue\u00f1os y pasiones. Yo no tengo derecho a proyectar mis propios deseos sobre ellos. No la presionar\u00e9 para que triunfe en funci\u00f3n de mis preferencias.     <strong>En nombre del amor, el sufrimiento y el sufrimiento de los \u201cni\u00f1os privilegiados\u201d se olvidan f\u00e1cilmente.<\/strong> Las voces de estos ni\u00f1os son tan impotentes y tan peque\u00f1as que resulta desgarrador. Afortunadamente, mis hijos no correr\u00e1n esa suerte. <\/p><\/p>\n\t\t\t\t\t\t\t\t<\/div>\n\t\t\t\t<\/div>\n\t\t\t\t<div class=\"elementor-element elementor-element-173090c elementor-widget elementor-widget-text-editor\" data-id=\"173090c\" data-element_type=\"widget\" data-e-type=\"widget\" data-widget_type=\"text-editor.default\">\n\t\t\t\t<div class=\"elementor-widget-container\">\n\t\t\t\t\t\t\t\t\t<p><strong>Entrevistadora: Tu relaci\u00f3n con Mikita es envidiable.<\/strong><\/p>\n<p><strong>Mam\u00e1:<\/strong> Mi relaci\u00f3n con Mikita es \u00edntima y c\u00f3moda. Soy su madre, su mentora, su hermana y su amiga. La mimo y ella me mima a m\u00ed tambi\u00e9n. Me cuida y me alegra el \u00e1nimo cuando me siento mal. Mikita tambi\u00e9n cuida de su padre y de su hermano peque\u00f1o, y act\u00faa como la madrecita de la casa. Por supuesto, a veces tambi\u00e9n los intimida y me trata como a un juguete.     <\/p>\n<p>Mikita es una persona completa: tiene sus virtudes y defectos, sus momentos de pereza y sus destellos de talento. Mi marido y yo tambi\u00e9n somos personas normales, con nuestros defectos y virtudes. No somos perfectos, cometemos errores y perdemos los estribos de vez en cuando. Todos somos personas normales con defectos normales, pero no pretendemos ser perfectos y soportamos los defectos de los dem\u00e1s.    <\/p>\n<p><strong>Entrevistador: \u00bfQu\u00e9 es lo m\u00e1s importante que quieres ense\u00f1arle a Mikita?<\/strong><\/p>\n<p><strong>Mam\u00e1: Coraje para vivir, sabidur\u00eda y filosof\u00eda hacia la Vida, la capacidad de pensar por uno mismo, de explorar la vida y de encontrar satisfacci\u00f3n y consuelo en todo lo que la Vida te depara.<\/strong> <\/p>\n<p>Ya sabes que la gente dice que los padres y los profesores son los gu\u00edas que preparan el camino para los ni\u00f1os. Estoy de acuerdo, pero me gustar\u00eda a\u00f1adir esto: los profesores y los padres tambi\u00e9n deben encender en el ni\u00f1o la pasi\u00f3n por la vida y el coraje para enfrentarse a la vida misma y a todo lo que la vida le depare.  <\/p>\n<p>Ahora que soy mayor, me encanta hablar de filosof\u00eda con Mikita. Llevo explic\u00e1ndole conceptos desde que era un beb\u00e9. Todav\u00eda recuerdo que, cuando ten\u00eda cinco a\u00f1os, empec\u00e9 a hablarle de la muerte: vivimos frente a la muerte, y la muerte da sentido a la vida, ese tipo de cosas&#8230; Tambi\u00e9n le he hablado de la relaci\u00f3n entre el dinero, los bienes materiales y el mundo espiritual, as\u00ed como de la fealdad y la locura del mundo. Por supuesto, hice todo lo posible por explicarle estas cosas de forma que pudiera entenderlas, pero no ten\u00eda ni idea de hasta qu\u00e9 punto las entend\u00eda. Lo importante es que he crecido y aprendido sobre la vida mientras le ense\u00f1aba, y ella aprendi\u00f3 al menos algunas cosas. Estas cosas estar\u00e1n en el fondo de su mente, en su subconsciente.     <\/p>\n<p>Cuando ten\u00eda cinco a\u00f1os, una vez le pregunt\u00e9: \u201c\u00bfCu\u00e1l es el prop\u00f3sito del dinero?\u201d. Le he hecho esta pregunta a muchos adultos y la mayor\u00eda responder\u00eda: \u201cPara darle a nuestra familia una vida mejor, para cuidar a los seres queridos, para sentirnos c\u00f3modos y seguros en la vida\u201d, bla, bla, bla. Estas respuestas no son incorrectas, pero son demasiado limitadas para m\u00ed.  <\/p>\n<p>Ese d\u00eda, Mikita me dej\u00f3 at\u00f3nita con una sola palabra: \u201c<strong>Libertad<\/strong>\u201d. Toc\u00f3 una fibra sensible en mi coraz\u00f3n. Ten\u00eda toda una serie de palabras que la guiar\u00edan hacia la \u201clibertad\u201d, esa meta final, pero ella lleg\u00f3 all\u00ed al instante y por s\u00ed sola. En ese momento, me di cuenta de que Mikita realmente entend\u00eda la mayor\u00eda de las cosas que le hab\u00eda dicho. Tal vez Dios realmente me dio un medio hijo.    <\/p>\n\t\t\t\t\t\t\t\t<\/div>\n\t\t\t\t<\/div>\n\t\t\t\t<div class=\"elementor-element elementor-element-8d56ffd elementor-widget elementor-widget-text-editor\" data-id=\"8d56ffd\" data-element_type=\"widget\" data-e-type=\"widget\" data-widget_type=\"text-editor.default\">\n\t\t\t\t<div class=\"elementor-widget-container\">\n\t\t\t\t\t\t\t\t\t<p><strong>Palabras finales de mam\u00e1: \u00bfQu\u00e9 puedo hacer por un ni\u00f1o as\u00ed?<\/strong><\/p>\n<p>Lo que puedo hacer es fomentar su vitalidad, fomentar su coraje ante la vida. Y har\u00e9 todo lo posible para ayudarla a evitar la \u201ctrampa del triunfador\u201d de la autodestrucci\u00f3n. Quiero que, cuando tenga 20 o 30 a\u00f1os, aprenda la capacidad de pensar profundamente, explorarse a s\u00ed misma y encontrar la redenci\u00f3n. Espero que pueda afrontar con gracia todo lo que la vida le depare.   <\/p>\n<p>Mi hija es una ni\u00f1a normal, pero ya est\u00e1 mostrando su personalidad equilibrada, motivada y amorosa. Criarla tambi\u00e9n ha sido una exploraci\u00f3n de m\u00ed misma. As\u00ed que terminar\u00e9 con algo que ya he dicho antes: <strong>si mi Dios tuviera un rostro, ser\u00eda el de Mikita<\/strong>. Mi hija es mi mentora, mi madre, mi verdadero amor y mi alma gemela.  <\/p>\n<p>Te amo mi querida Mikita.<\/p>\n\t\t\t\t\t\t\t\t<\/div>\n\t\t\t\t<\/div>\n\t\t\t\t<\/div>\n\t\t\t\t\t<\/div>\n\t\t\t\t<\/div>\n\t\t\t\t<\/div>\n\t\t","protected":false},"excerpt":{"rendered":"<p>En el nombre del amor Fondo: Introducci\u00f3n: Desde muy peque\u00f1a, Mikita parec\u00eda ser la ni\u00f1a que los dem\u00e1s admiraban: inteligente, educada, disciplinada y motivada. Encarnaba todas las virtudes que cualquier padre podr\u00eda desear para sus hijos. De pie all\u00ed, sonriendo como si fuera due\u00f1a del mundo entero, Mikita parec\u00eda el girasol m\u00e1s floreciente bajo el [&hellip;]<\/p>\n","protected":false},"author":1,"featured_media":0,"parent":0,"menu_order":0,"comment_status":"closed","ping_status":"closed","template":"elementor_header_footer","meta":{"footnotes":""},"class_list":["post-578","page","type-page","status-publish","hentry"],"_links":{"self":[{"href":"https:\/\/mikitali.com\/es\/wp-json\/wp\/v2\/pages\/578","targetHints":{"allow":["GET"]}}],"collection":[{"href":"https:\/\/mikitali.com\/es\/wp-json\/wp\/v2\/pages"}],"about":[{"href":"https:\/\/mikitali.com\/es\/wp-json\/wp\/v2\/types\/page"}],"author":[{"embeddable":true,"href":"https:\/\/mikitali.com\/es\/wp-json\/wp\/v2\/users\/1"}],"replies":[{"embeddable":true,"href":"https:\/\/mikitali.com\/es\/wp-json\/wp\/v2\/comments?post=578"}],"version-history":[{"count":1,"href":"https:\/\/mikitali.com\/es\/wp-json\/wp\/v2\/pages\/578\/revisions"}],"predecessor-version":[{"id":579,"href":"https:\/\/mikitali.com\/es\/wp-json\/wp\/v2\/pages\/578\/revisions\/579"}],"wp:attachment":[{"href":"https:\/\/mikitali.com\/es\/wp-json\/wp\/v2\/media?parent=578"}],"curies":[{"name":"wp","href":"https:\/\/api.w.org\/{rel}","templated":true}]}}