{"id":557,"date":"2024-11-21T14:26:11","date_gmt":"2024-11-21T14:26:11","guid":{"rendered":"https:\/\/mikitali.com\/medios\/"},"modified":"2024-11-25T14:25:39","modified_gmt":"2024-11-25T14:25:39","slug":"medios","status":"publish","type":"page","link":"https:\/\/mikitali.com\/es\/medios\/","title":{"rendered":"Medios"},"content":{"rendered":"\t\t<div data-elementor-type=\"wp-page\" data-elementor-id=\"557\" class=\"elementor elementor-557 elementor-413\">\n\t\t\t\t<div class=\"elementor-element elementor-element-9855729 e-flex e-con-boxed e-con e-parent\" data-id=\"9855729\" data-element_type=\"container\" data-e-type=\"container\" data-settings=\"{&quot;background_background&quot;:&quot;classic&quot;}\">\n\t\t\t\t\t<div class=\"e-con-inner\">\n\t\t<div class=\"elementor-element elementor-element-f49cea9 e-con-full e-flex e-con e-child\" data-id=\"f49cea9\" data-element_type=\"container\" data-e-type=\"container\">\n\t\t\t\t<div class=\"elementor-element elementor-element-a879818 elementor-widget elementor-widget-heading\" data-id=\"a879818\" data-element_type=\"widget\" data-e-type=\"widget\" data-widget_type=\"heading.default\">\n\t\t\t\t<div class=\"elementor-widget-container\">\n\t\t\t\t\t<h2 class=\"elementor-heading-title elementor-size-default\">Kit de medios<\/h2>\t\t\t\t<\/div>\n\t\t\t\t<\/div>\n\t\t\t\t<\/div>\n\t\t\t\t\t<\/div>\n\t\t\t\t<\/div>\n\t\t<div class=\"elementor-element elementor-element-ee1f913 curve--sec e-flex e-con-boxed e-con e-parent\" data-id=\"ee1f913\" data-element_type=\"container\" data-e-type=\"container\" data-settings=\"{&quot;background_background&quot;:&quot;classic&quot;}\">\n\t\t\t\t\t<div class=\"e-con-inner\">\n\t\t<div class=\"elementor-element elementor-element-16998a3 e-con-full e-flex e-con e-child\" data-id=\"16998a3\" data-element_type=\"container\" data-e-type=\"container\">\n\t\t<div class=\"elementor-element elementor-element-07fc2ff e-con-full e-flex e-con e-child\" data-id=\"07fc2ff\" data-element_type=\"container\" data-e-type=\"container\">\n\t\t\t\t<div class=\"elementor-element elementor-element-9f56611 elementor-widget elementor-widget-heading\" data-id=\"9f56611\" data-element_type=\"widget\" data-e-type=\"widget\" data-widget_type=\"heading.default\">\n\t\t\t\t<div class=\"elementor-widget-container\">\n\t\t\t\t\t<h2 class=\"elementor-heading-title elementor-size-default\">Recursos multimedia de Mikita Li<\/h2>\t\t\t\t<\/div>\n\t\t\t\t<\/div>\n\t\t\t\t<div class=\"elementor-element elementor-element-a4d9548 elementor-widget elementor-widget-heading\" data-id=\"a4d9548\" data-element_type=\"widget\" data-e-type=\"widget\" data-widget_type=\"heading.default\">\n\t\t\t\t<div class=\"elementor-widget-container\">\n\t\t\t\t\t<h2 class=\"elementor-heading-title elementor-size-default\">Fotograf\u00eda y biograf\u00edas | Paquete de logotipos | Momentos destacados de la actuaci\u00f3n <\/h2>\t\t\t\t<\/div>\n\t\t\t\t<\/div>\n\t\t\t\t<div class=\"elementor-element elementor-element-27a6173 elementor-align-center elementor-widget elementor-widget-button\" data-id=\"27a6173\" data-element_type=\"widget\" data-e-type=\"widget\" data-widget_type=\"button.default\">\n\t\t\t\t<div class=\"elementor-widget-container\">\n\t\t\t\t\t\t\t\t\t<div class=\"elementor-button-wrapper\">\n\t\t\t\t\t<a class=\"elementor-button elementor-button-link elementor-size-sm\" href=\"https:\/\/mikitali.com\/wp-content\/uploads\/2024\/11\/Media-Kit-1.zip\">\n\t\t\t\t\t\t<span class=\"elementor-button-content-wrapper\">\n\t\t\t\t\t\t\t\t\t<span class=\"elementor-button-text\">Download<\/span>\n\t\t\t\t\t<\/span>\n\t\t\t\t\t<\/a>\n\t\t\t\t<\/div>\n\t\t\t\t\t\t\t\t<\/div>\n\t\t\t\t<\/div>\n\t\t\t\t<\/div>\n\t\t\t\t<\/div>\n\t\t\t\t\t<\/div>\n\t\t\t\t<\/div>\n\t\t<div class=\"elementor-element elementor-element-055a812 e-flex e-con-boxed e-con e-parent\" data-id=\"055a812\" data-element_type=\"container\" data-e-type=\"container\">\n\t\t\t\t\t<div class=\"e-con-inner\">\n\t\t<div class=\"elementor-element elementor-element-e33c32d e-con-full e-flex e-con e-child\" data-id=\"e33c32d\" data-element_type=\"container\" data-e-type=\"container\">\n\t\t<div class=\"elementor-element elementor-element-b292d01 e-con-full e-flex e-con e-child\" data-id=\"b292d01\" data-element_type=\"container\" data-e-type=\"container\">\n\t\t\t\t<div class=\"elementor-element elementor-element-b2f1ee3 elementor-widget elementor-widget-heading\" data-id=\"b2f1ee3\" data-element_type=\"widget\" data-e-type=\"widget\" data-widget_type=\"heading.default\">\n\t\t\t\t<div class=\"elementor-widget-container\">\n\t\t\t\t\t<h2 class=\"elementor-heading-title elementor-size-default\">Cobertura destacada<\/h2>\t\t\t\t<\/div>\n\t\t\t\t<\/div>\n\t\t\t\t<\/div>\n\t\t<div class=\"elementor-element elementor-element-5edbbc4 e-con-full e-flex e-con e-child\" data-id=\"5edbbc4\" data-element_type=\"container\" data-e-type=\"container\">\n\t\t<div class=\"elementor-element elementor-element-7b0d1c0 e-con-full e-flex e-con e-child\" data-id=\"7b0d1c0\" data-element_type=\"container\" data-e-type=\"container\" data-settings=\"{&quot;background_background&quot;:&quot;classic&quot;}\">\n\t\t\t\t<div class=\"elementor-element elementor-element-07703d8 elementor-widget elementor-widget-image\" data-id=\"07703d8\" data-element_type=\"widget\" data-e-type=\"widget\" data-widget_type=\"image.default\">\n\t\t\t\t<div class=\"elementor-widget-container\">\n\t\t\t\t\t\t\t\t\t\t\t\t\t\t\t<img fetchpriority=\"high\" decoding=\"async\" width=\"400\" height=\"250\" src=\"https:\/\/mikitali.com\/wp-content\/uploads\/2024\/11\/Frame-9-1.webp\" class=\"attachment-full size-full wp-image-558\" alt=\"\" srcset=\"https:\/\/mikitali.com\/wp-content\/uploads\/2024\/11\/Frame-9-1.webp 400w, https:\/\/mikitali.com\/wp-content\/uploads\/2024\/11\/Frame-9-1-300x188.webp 300w\" sizes=\"(max-width: 400px) 100vw, 400px\" \/>\t\t\t\t\t\t\t\t\t\t\t\t\t\t\t<\/div>\n\t\t\t\t<\/div>\n\t\t\t\t<\/div>\n\t\t<div class=\"elementor-element elementor-element-b57e928 e-con-full featured-cov-text e-flex e-con e-child\" data-id=\"b57e928\" data-element_type=\"container\" data-e-type=\"container\">\n\t\t\t\t<div class=\"elementor-element elementor-element-0be1f02 elementor-widget elementor-widget-heading\" data-id=\"0be1f02\" data-element_type=\"widget\" data-e-type=\"widget\" data-widget_type=\"heading.default\">\n\t\t\t\t<div class=\"elementor-widget-container\">\n\t\t\t\t\t<h2 class=\"elementor-heading-title elementor-size-default\">En el nombre del amor<\/h2>\t\t\t\t<\/div>\n\t\t\t\t<\/div>\n\t\t\t\t<div class=\"elementor-element elementor-element-295edbe elementor-widget elementor-widget-text-editor\" data-id=\"295edbe\" data-element_type=\"widget\" data-e-type=\"widget\" data-widget_type=\"text-editor.default\">\n\t\t\t\t<div class=\"elementor-widget-container\">\n\t\t\t\t\t\t\t\t\t<p><strong>Entrevista exclusiva con MIKITA<\/strong>, ni\u00f1a de 10 a\u00f1os, compositora de conciertos<br \/>Prot\u00e9g\u00e9e, debut en Carnegie.<br \/><span style=\"color: #000000;\"><a style=\"color: #000000;\" href=\"https:\/\/mikitali.com\/es\/soltera\/\"><span style=\"text-decoration: underline;\">Leer m\u00e1s<\/span><\/a><\/span><\/p>\n\t\t\t\t\t\t\t\t<\/div>\n\t\t\t\t<\/div>\n\t\t\t\t<\/div>\n\t\t\t\t<\/div>\n\t\t\t\t<\/div>\n\t\t\t\t\t<\/div>\n\t\t\t\t<\/div>\n\t\t\t\t<\/div>\n\t\t","protected":false},"excerpt":{"rendered":"<p>Kit de medios Recursos multimedia de Mikita Li Fotograf\u00eda y biograf\u00edas | Paquete de logotipos | Momentos destacados de la actuaci\u00f3n Download Cobertura destacada En el nombre del amor Entrevista exclusiva con MIKITA, ni\u00f1a de 10 a\u00f1os, compositora de conciertosProt\u00e9g\u00e9e, debut en Carnegie.Leer m\u00e1s<\/p>\n","protected":false},"author":1,"featured_media":0,"parent":0,"menu_order":0,"comment_status":"closed","ping_status":"closed","template":"elementor_header_footer","meta":{"footnotes":""},"class_list":["post-557","page","type-page","status-publish","hentry"],"_links":{"self":[{"href":"https:\/\/mikitali.com\/es\/wp-json\/wp\/v2\/pages\/557","targetHints":{"allow":["GET"]}}],"collection":[{"href":"https:\/\/mikitali.com\/es\/wp-json\/wp\/v2\/pages"}],"about":[{"href":"https:\/\/mikitali.com\/es\/wp-json\/wp\/v2\/types\/page"}],"author":[{"embeddable":true,"href":"https:\/\/mikitali.com\/es\/wp-json\/wp\/v2\/users\/1"}],"replies":[{"embeddable":true,"href":"https:\/\/mikitali.com\/es\/wp-json\/wp\/v2\/comments?post=557"}],"version-history":[{"count":7,"href":"https:\/\/mikitali.com\/es\/wp-json\/wp\/v2\/pages\/557\/revisions"}],"predecessor-version":[{"id":600,"href":"https:\/\/mikitali.com\/es\/wp-json\/wp\/v2\/pages\/557\/revisions\/600"}],"wp:attachment":[{"href":"https:\/\/mikitali.com\/es\/wp-json\/wp\/v2\/media?parent=557"}],"curies":[{"name":"wp","href":"https:\/\/api.w.org\/{rel}","templated":true}]}}