{"id":553,"date":"2024-11-11T10:44:10","date_gmt":"2024-11-11T10:44:10","guid":{"rendered":"https:\/\/mikitali.com\/hogar\/"},"modified":"2024-11-22T07:48:43","modified_gmt":"2024-11-22T07:48:43","slug":"hogar","status":"publish","type":"page","link":"https:\/\/mikitali.com\/es\/","title":{"rendered":"Hogar"},"content":{"rendered":"\t\t<div data-elementor-type=\"wp-post\" data-elementor-id=\"553\" class=\"elementor elementor-553 elementor-9\">\n\t\t\t\t<div class=\"elementor-element elementor-element-149373a hero-section e-flex e-con-boxed e-con e-parent\" data-id=\"149373a\" data-element_type=\"container\" data-e-type=\"container\" data-settings=\"{&quot;background_background&quot;:&quot;classic&quot;}\">\n\t\t\t\t\t<div class=\"e-con-inner\">\n\t\t<div class=\"elementor-element elementor-element-aa930cb e-con-full e-flex e-con e-child\" data-id=\"aa930cb\" data-element_type=\"container\" data-e-type=\"container\">\n\t\t<div class=\"elementor-element elementor-element-775fb3a e-con-full e-flex e-con e-child\" data-id=\"775fb3a\" data-element_type=\"container\" data-e-type=\"container\">\n\t\t\t\t<div class=\"elementor-element elementor-element-3df9e8f elementor-hidden-desktop elementor-hidden-tablet elementor-widget elementor-widget-image\" data-id=\"3df9e8f\" data-element_type=\"widget\" data-e-type=\"widget\" data-widget_type=\"image.default\">\n\t\t\t\t<div class=\"elementor-widget-container\">\n\t\t\t\t\t\t\t\t\t\t\t\t\t\t\t<img fetchpriority=\"high\" decoding=\"async\" width=\"800\" height=\"450\" src=\"https:\/\/mikitali.com\/wp-content\/uploads\/2024\/11\/mikata_li-1024x576.webp\" class=\"attachment-large size-large wp-image-111\" alt=\"\" srcset=\"https:\/\/mikitali.com\/wp-content\/uploads\/2024\/11\/mikata_li-1024x576.webp 1024w, https:\/\/mikitali.com\/wp-content\/uploads\/2024\/11\/mikata_li-300x169.webp 300w, https:\/\/mikitali.com\/wp-content\/uploads\/2024\/11\/mikata_li-768x432.webp 768w, https:\/\/mikitali.com\/wp-content\/uploads\/2024\/11\/mikata_li-1536x864.webp 1536w, https:\/\/mikitali.com\/wp-content\/uploads\/2024\/11\/mikata_li.webp 1920w\" sizes=\"(max-width: 800px) 100vw, 800px\" \/>\t\t\t\t\t\t\t\t\t\t\t\t\t\t\t<\/div>\n\t\t\t\t<\/div>\n\t\t\t\t<\/div>\n\t\t<div class=\"elementor-element elementor-element-9058b77 e-con-full e-flex e-con e-child\" data-id=\"9058b77\" data-element_type=\"container\" data-e-type=\"container\">\n\t\t\t\t<div class=\"elementor-element elementor-element-ba63aa7 elementor-widget elementor-widget-heading\" data-id=\"ba63aa7\" data-element_type=\"widget\" data-e-type=\"widget\" data-widget_type=\"heading.default\">\n\t\t\t\t<div class=\"elementor-widget-container\">\n\t\t\t\t\t<h1 class=\"elementor-heading-title elementor-size-default\">Mikita Li<\/h1>\t\t\t\t<\/div>\n\t\t\t\t<\/div>\n\t\t\t\t<div class=\"elementor-element elementor-element-47be8f9 elementor-widget elementor-widget-text-editor\" data-id=\"47be8f9\" data-element_type=\"widget\" data-e-type=\"widget\" data-widget_type=\"text-editor.default\">\n\t\t\t\t<div class=\"elementor-widget-container\">\n\t\t\t\t\t\t\t\t\t<p>La compositora de conciertos para piano m\u00e1s joven inspira al p\u00fablico con sus extraordinarios logros y su pasi\u00f3n por mezclar la m\u00fasica cl\u00e1sica y moderna. A trav\u00e9s de sus composiciones e interpretaciones, Mikita ejemplifica el potencial de los j\u00f3venes artistas para dar forma al futuro de la m\u00fasica.<\/p>\n\t\t\t\t\t\t\t\t<\/div>\n\t\t\t\t<\/div>\n\t\t\t\t<\/div>\n\t\t\t\t<\/div>\n\t\t\t\t\t<\/div>\n\t\t\t\t<\/div>\n\t\t\t\t<\/div>\n\t\t","protected":false},"excerpt":{"rendered":"<p>Mikita Li La compositora de conciertos para piano m\u00e1s joven inspira al p\u00fablico con sus extraordinarios logros y su pasi\u00f3n por mezclar la m\u00fasica cl\u00e1sica y moderna. A trav\u00e9s de sus composiciones e interpretaciones, Mikita ejemplifica el potencial de los j\u00f3venes artistas para dar forma al futuro de la m\u00fasica.<\/p>\n","protected":false},"author":1,"featured_media":0,"parent":0,"menu_order":0,"comment_status":"closed","ping_status":"closed","template":"elementor_header_footer","meta":{"footnotes":""},"class_list":["post-553","page","type-page","status-publish","hentry"],"_links":{"self":[{"href":"https:\/\/mikitali.com\/es\/wp-json\/wp\/v2\/pages\/553","targetHints":{"allow":["GET"]}}],"collection":[{"href":"https:\/\/mikitali.com\/es\/wp-json\/wp\/v2\/pages"}],"about":[{"href":"https:\/\/mikitali.com\/es\/wp-json\/wp\/v2\/types\/page"}],"author":[{"embeddable":true,"href":"https:\/\/mikitali.com\/es\/wp-json\/wp\/v2\/users\/1"}],"replies":[{"embeddable":true,"href":"https:\/\/mikitali.com\/es\/wp-json\/wp\/v2\/comments?post=553"}],"version-history":[{"count":1,"href":"https:\/\/mikitali.com\/es\/wp-json\/wp\/v2\/pages\/553\/revisions"}],"predecessor-version":[{"id":554,"href":"https:\/\/mikitali.com\/es\/wp-json\/wp\/v2\/pages\/553\/revisions\/554"}],"wp:attachment":[{"href":"https:\/\/mikitali.com\/es\/wp-json\/wp\/v2\/media?parent=553"}],"curies":[{"name":"wp","href":"https:\/\/api.w.org\/{rel}","templated":true}]}}